{"id":674,"date":"2021-12-15T13:10:28","date_gmt":"2021-12-15T12:10:28","guid":{"rendered":"http:\/\/clusterkairouan.creativetunisia.tn\/?page_id=674"},"modified":"2021-12-15T13:12:29","modified_gmt":"2021-12-15T12:12:29","slug":"imen-sahli","status":"publish","type":"page","link":"https:\/\/clusterkairouan.creativetunisia.tn\/index.php\/imen-sahli\/","title":{"rendered":"Imen Sahli"},"content":{"rendered":"\t\t<div data-elementor-type=\"wp-page\" data-elementor-id=\"674\" class=\"elementor elementor-674\" data-elementor-settings=\"[]\">\n\t\t\t\t\t\t<div class=\"elementor-inner\">\n\t\t\t\t\t\t\t<div class=\"elementor-section-wrap\">\n\t\t\t\t\t\t\t<section class=\"elementor-section elementor-top-section elementor-element elementor-element-6e1e97e7 elementor-section-content-middle elementor-section-boxed elementor-section-height-default elementor-section-height-default\" data-id=\"6e1e97e7\" data-element_type=\"section\">\n\t\t\t\t\t\t<div class=\"elementor-container elementor-column-gap-default\">\n\t\t\t\t\t\t\t<div class=\"elementor-row\">\n\t\t\t\t\t<div class=\"aux-parallax-section elementor-column elementor-col-50 elementor-top-column elementor-element elementor-element-24cae2f8\" data-id=\"24cae2f8\" data-element_type=\"column\">\n\t\t\t<div class=\"elementor-column-wrap elementor-element-populated\">\n\t\t\t\t\t\t\t<div class=\"elementor-widget-wrap\">\n\t\t\t\t\t\t<div class=\"elementor-element elementor-element-3888f2e6 aux-appear-watch-animation aux-fade-in elementor-widget elementor-widget-aux_image\" data-id=\"3888f2e6\" data-element_type=\"widget\" data-widget_type=\"aux_image.default\">\n\t\t\t\t<div class=\"elementor-widget-container\">\n\t\t\t<section class=\"widget-container aux-widget-image aux-alignnone aux-parent-aud68d15a2\" style=\"\" >\n    <div class=\"aux-media-hint-frame \">\n        <div class=\"aux-media-image  aux-tilt-box\" >\n        \n            \n\n            \n            <img loading=\"lazy\" width=\"480\" height=\"742\" src=\"https:\/\/clusterkairouan.creativetunisia.tn\/wp-content\/uploads\/2021\/12\/Imen-Sahli-portrait.jpg\" class=\"aux-attachment aux-featured-image aux-attachment-id-676\" alt=\"Imen-Sahli-portrait\" srcset=\"https:\/\/clusterkairouan.creativetunisia.tn\/wp-content\/uploads\/2021\/12\/Imen-Sahli-portrait-150x232.jpg 150w,https:\/\/clusterkairouan.creativetunisia.tn\/wp-content\/uploads\/2021\/12\/Imen-Sahli-portrait-300x464.jpg 300w,https:\/\/clusterkairouan.creativetunisia.tn\/wp-content\/uploads\/2021\/12\/Imen-Sahli-portrait.jpg 480w\" data-ratio=\"0.65\" data-original-w=\"480\" sizes=\"(max-width:479px) 480px,(max-width:767px) 768px,(max-width:1023px) 1024px,480px\" \/>            \n                <\/div>\n    <\/div>\n\n<\/section><!-- widget-container -->\t\t<\/div>\n\t\t\t\t<\/div>\n\t\t\t\t\t\t<\/div>\n\t\t\t\t\t<\/div>\n\t\t<\/div>\n\t\t\t\t<div class=\"aux-parallax-section elementor-column elementor-col-50 elementor-top-column elementor-element elementor-element-50ec9868\" data-id=\"50ec9868\" data-element_type=\"column\">\n\t\t\t<div class=\"elementor-column-wrap elementor-element-populated\">\n\t\t\t\t\t\t\t<div class=\"elementor-widget-wrap\">\n\t\t\t\t\t\t<div class=\"elementor-element elementor-element-727c7e53 aux-appear-watch-animation aux-fade-in elementor-widget elementor-widget-aux_modern_heading\" data-id=\"727c7e53\" data-element_type=\"widget\" data-widget_type=\"aux_modern_heading.default\">\n\t\t\t\t<div class=\"elementor-widget-container\">\n\t\t\t<section class=\"aux-widget-modern-heading\">\n            <div class=\"aux-widget-inner\"><h2 class=\"aux-modern-heading-primary\">Imen Sahli<\/h2><h3 class=\"aux-modern-heading-secondary\"><span class=\"aux-head-before\">Designer<\/span><\/h3><\/div>\n        <\/section>\t\t<\/div>\n\t\t\t\t<\/div>\n\t\t\t\t<div class=\"elementor-element elementor-element-27a64b9 elementor-icon-list--layout-inline elementor-align-left aux-appear-watch-animation aux-fade-in elementor-list-item-link-full_width elementor-widget elementor-widget-icon-list\" data-id=\"27a64b9\" data-element_type=\"widget\" data-widget_type=\"icon-list.default\">\n\t\t\t\t<div class=\"elementor-widget-container\">\n\t\t\t\t\t<ul class=\"elementor-icon-list-items elementor-inline-items\">\n\t\t\t\t\t\t\t<li class=\"elementor-icon-list-item elementor-inline-item\">\n\t\t\t\t\t\t\t\t\t\t\t<span class=\"elementor-icon-list-icon\">\n\t\t\t\t\t\t\t<i aria-hidden=\"true\" class=\"auxicon auxicon-ios-telephone\"><\/i>\t\t\t\t\t\t<\/span>\n\t\t\t\t\t\t\t\t\t\t<span class=\"elementor-icon-list-text\">+216 92 703 676<\/span>\n\t\t\t\t\t\t\t\t\t<\/li>\n\t\t\t\t\t\t\t\t<li class=\"elementor-icon-list-item elementor-inline-item\">\n\t\t\t\t\t\t\t\t\t\t\t<span class=\"elementor-icon-list-icon\">\n\t\t\t\t\t\t\t<i aria-hidden=\"true\" class=\"fas fa-envelope\"><\/i>\t\t\t\t\t\t<\/span>\n\t\t\t\t\t\t\t\t\t\t<span class=\"elementor-icon-list-text\">sehli.ona.monastir@gmail.com <\/span>\n\t\t\t\t\t\t\t\t\t<\/li>\n\t\t\t\t\t\t<\/ul>\n\t\t\t\t<\/div>\n\t\t\t\t<\/div>\n\t\t\t\t<div class=\"elementor-element elementor-element-6ff77b7b aux-appear-watch-animation aux-fade-in elementor-widget elementor-widget-aux_modern_heading\" data-id=\"6ff77b7b\" data-element_type=\"widget\" data-widget_type=\"aux_modern_heading.default\">\n\t\t\t\t<div class=\"elementor-widget-container\">\n\t\t\t<section class=\"aux-widget-modern-heading\">\n            <div class=\"aux-widget-inner\"><h2 class=\"aux-modern-heading-primary\"><\/h2><div class=\"aux-modern-heading-description\"><p>Designer industrielle dipl\u00f4m\u00e9e de l\u2019Ecole Sup\u00e9rieure des Sciences et Technologies du Design Denden,<br \/>je travaille depuis 2007 \u00e0 l\u2019Office National de l\u2019Artisanat, d\u00e9l\u00e9gation r\u00e9gionale de Monastir, au sein de<br \/>d\u00e9partement de recherche et de renouvellement.<br \/>Ma mission d\u2019encadrement des artisans se tourne autour de la collecte des informations sur les<br \/>tendances, les styles, les besoins de nouveaux produits, la fonctionnalit\u00e9 du produit, choisir les formes, les mat\u00e9riaux, les couleurs, les caract\u00e9ristiques ergonomiques et \u00e9valuer la conformit\u00e9 artistique, technique et financi\u00e8re des produit.<\/p><\/div><\/div>\n        <\/section>\t\t<\/div>\n\t\t\t\t<\/div>\n\t\t\t\t\t\t<\/div>\n\t\t\t\t\t<\/div>\n\t\t<\/div>\n\t\t\t\t\t\t\t\t<\/div>\n\t\t\t\t\t<\/div>\n\t\t<\/section>\n\t\t\t\t\t\t<\/div>\n\t\t\t\t\t\t<\/div>\n\t\t\t\t\t<\/div>\n\t\t","protected":false},"excerpt":{"rendered":"<p>Imen Sahli Designer +216 92 703 676 sehli.ona.monastir@gmail.com Designer industrielle dipl\u00f4m\u00e9e de l\u2019Ecole Sup\u00e9rieure des Sciences et Technologies du Design Denden,je travaille depuis 2007 \u00e0 l\u2019Office National de l\u2019Artisanat, d\u00e9l\u00e9gation r\u00e9gionale de Monastir, au sein ded\u00e9partement de recherche et de renouvellement.Ma mission d\u2019encadrement des artisans se tourne autour de la collecte des informations sur lestendances, [&hellip;]<\/p>\n","protected":false},"author":1,"featured_media":0,"parent":0,"menu_order":0,"comment_status":"closed","ping_status":"closed","template":"","meta":[],"_links":{"self":[{"href":"https:\/\/clusterkairouan.creativetunisia.tn\/index.php\/wp-json\/wp\/v2\/pages\/674"}],"collection":[{"href":"https:\/\/clusterkairouan.creativetunisia.tn\/index.php\/wp-json\/wp\/v2\/pages"}],"about":[{"href":"https:\/\/clusterkairouan.creativetunisia.tn\/index.php\/wp-json\/wp\/v2\/types\/page"}],"author":[{"embeddable":true,"href":"https:\/\/clusterkairouan.creativetunisia.tn\/index.php\/wp-json\/wp\/v2\/users\/1"}],"replies":[{"embeddable":true,"href":"https:\/\/clusterkairouan.creativetunisia.tn\/index.php\/wp-json\/wp\/v2\/comments?post=674"}],"version-history":[{"count":4,"href":"https:\/\/clusterkairouan.creativetunisia.tn\/index.php\/wp-json\/wp\/v2\/pages\/674\/revisions"}],"predecessor-version":[{"id":679,"href":"https:\/\/clusterkairouan.creativetunisia.tn\/index.php\/wp-json\/wp\/v2\/pages\/674\/revisions\/679"}],"wp:attachment":[{"href":"https:\/\/clusterkairouan.creativetunisia.tn\/index.php\/wp-json\/wp\/v2\/media?parent=674"}],"curies":[{"name":"wp","href":"https:\/\/api.w.org\/{rel}","templated":true}]}}